{"id":3506,"date":"2024-12-09T10:00:48","date_gmt":"2024-12-09T10:00:48","guid":{"rendered":"https:\/\/www.marinesurveyorspain.com\/servicios-auxiliares\/"},"modified":"2024-12-26T12:04:35","modified_gmt":"2024-12-26T12:04:35","slug":"servicios-auxiliares","status":"publish","type":"page","link":"https:\/\/www.marinesurveyorspain.com\/es\/servicios-auxiliares\/","title":{"rendered":"Servicios Auxiliares"},"content":{"rendered":"<p>[et_pb_section fb_built=\u00bb1&#8243; admin_label=\u00bbHero\u00bb _builder_version=\u00bb4.16&#8243; background_image=\u00bbhttps:\/\/www.marinesurveyorspain.com\/wp-content\/uploads\/2024\/12\/auxiiiary-services-bg.jpg\u00bb custom_padding=\u00bb110px|||\u00bb collapsed=\u00bbon\u00bb global_colors_info=\u00bb{}\u00bb][et_pb_row column_structure=\u00bb1_2,1_2&#8243; use_custom_gutter=\u00bbon\u00bb gutter_width=\u00bb1&#8243; module_class=\u00bb et_pb_row_fullwidth\u00bb _builder_version=\u00bb4.16&#8243; width=\u00bb100%\u00bb width_tablet=\u00bb100%\u00bb width_phone=\u00bb\u00bb width_last_edited=\u00bbon|desktop\u00bb max_width=\u00bb100%\u00bb max_width_tablet=\u00bb100%\u00bb max_width_phone=\u00bb\u00bb max_width_last_edited=\u00bbon|desktop\u00bb custom_margin=\u00bb|||\u00bb custom_padding=\u00bb|||\u00bb make_fullwidth=\u00bbon\u00bb global_colors_info=\u00bb{}\u00bb][et_pb_column type=\u00bb1_2&#8243; _builder_version=\u00bb4.16&#8243; background_position=\u00bbtop_left\u00bb custom_padding=\u00bb|||\u00bb global_colors_info=\u00bb{}\u00bb custom_padding__hover=\u00bb|||\u00bb][\/et_pb_column][et_pb_column type=\u00bb1_2&#8243; _builder_version=\u00bb4.16&#8243; background_color=\u00bbrgba(0,0,0,0.4)\u00bb background_position=\u00bbtop_left\u00bb custom_padding=\u00bb|10%||10%\u00bb global_colors_info=\u00bb{}\u00bb custom_padding__hover=\u00bb|||\u00bb][et_pb_text admin_label=\u00bbHero Title\u00bb _builder_version=\u00bb4.16&#8243; text_font=\u00bb||||\u00bb text_text_color=\u00bb#1a1a1a\u00bb header_font=\u00bbOswald|on||on|\u00bb header_text_align=\u00bbleft\u00bb header_font_size=\u00bb60px\u00bb header_line_height=\u00bb1.3em\u00bb background_layout=\u00bbdark\u00bb max_width=\u00bb450px\u00bb custom_margin=\u00bb|||\u00bb custom_padding=\u00bb2em||||false|false\u00bb animation_style=\u00bbslide\u00bb animation_direction=\u00bbtop\u00bb animation_intensity_slide=\u00bb10%\u00bb header_font_size_tablet=\u00bb\u00bb header_font_size_phone=\u00bb50px\u00bb header_font_size_last_edited=\u00bbon|phone\u00bb locked=\u00bboff\u00bb global_colors_info=\u00bb{}\u00bb header_font_size__hover_enabled=\u00bboff|desktop\u00bb]<\/p>\n<h1>Servicios Auxiliares<\/h1>\n<p>[\/et_pb_text][et_pb_divider divider_position=\u00bbcenter\u00bb divider_weight=\u00bb3px\u00bb disabled_on=\u00bboff|off|off%22&#8243; _builder_version=\u00bb4.16&#8243; max_width=\u00bb150px\u00bb height=\u00bbfalse\u00bb custom_margin=\u00bb30px|||\u00bb animation_style=\u00bbslide\u00bb animation_direction=\u00bbtop\u00bb animation_delay=\u00bb100ms\u00bb animation_intensity_slide=\u00bb10%\u00bb locked=\u00bboff\u00bb global_colors_info=\u00bb{}\u00bb][\/et_pb_divider][et_pb_text admin_label=\u00bbHero Sub Title\u00bb _builder_version=\u00bb4.16&#8243; text_font=\u00bbRoboto||||\u00bb text_font_size=\u00bb24px\u00bb text_line_height=\u00bb1.4em\u00bb background_size=\u00bbinitial\u00bb background_position=\u00bbtop_left\u00bb background_repeat=\u00bbrepeat\u00bb background_layout=\u00bbdark\u00bb max_width=\u00bb450px\u00bb custom_padding=\u00bb30px||60px||false|false\u00bb animation_style=\u00bbslide\u00bb animation_direction=\u00bbtop\u00bb animation_delay=\u00bb200ms\u00bb animation_intensity_slide=\u00bb10%\u00bb locked=\u00bboff\u00bb global_colors_info=\u00bb{}\u00bb]<\/p>\n<p>Servicios auxiliares a empresas del sector mar\u00edtimo<\/p>\n<p>[\/et_pb_text][\/et_pb_column][\/et_pb_row][\/et_pb_section][et_pb_section fb_built=\u00bb1&#8243; admin_label=\u00bbSERVICES\u00bb _builder_version=\u00bb4.16&#8243; _module_preset=\u00bbdefault\u00bb background_color=\u00bb#fafafa\u00bb collapsed=\u00bbon\u00bb global_colors_info=\u00bb{}\u00bb][et_pb_row _builder_version=\u00bb4.16&#8243; _module_preset=\u00bbdefault\u00bb width=\u00bb100%\u00bb collapsed=\u00bboff\u00bb global_colors_info=\u00bb{}\u00bb][et_pb_column type=\u00bb4_4&#8243; _builder_version=\u00bb4.16&#8243; _module_preset=\u00bbdefault\u00bb global_colors_info=\u00bb{}\u00bb][et_pb_text admin_label=\u00bbMarine Auxiliary Services\u00bb _builder_version=\u00bb4.27.4&#8243; text_font=\u00bbRoboto||||||||\u00bb text_text_color=\u00bb#666&#8243; text_font_size=\u00bb16px\u00bb header_font=\u00bbOswald|on||on|\u00bb header_text_align=\u00bbcenter\u00bb header_font_size=\u00bb50px\u00bb header_line_height=\u00bb1.3em\u00bb header_2_font=\u00bbOswald|700||on|||||\u00bb header_2_text_align=\u00bbcenter\u00bb header_2_font_size=\u00bb50px\u00bb header_2_line_height=\u00bb1.3em\u00bb text_orientation=\u00bbcenter\u00bb animation_style=\u00bbslide\u00bb animation_direction=\u00bb%22fade_in%22&#8243; animation_duration=\u00bb500ms\u00bb animation_intensity_slide=\u00bb10%\u00bb header_font_size_last_edited=\u00bboff|phone\u00bb header_2_font_size_tablet=\u00bb50px\u00bb header_2_font_size_phone=\u00bb40px\u00bb header_2_font_size_last_edited=\u00bbon|phone\u00bb global_colors_info=\u00bb{}\u00bb]<\/p>\n<h2>Servicios Auxiliares Mar\u00edtimos<\/h2>\n<p>[\/et_pb_text][et_pb_divider divider_position=\u00bbcenter\u00bb divider_weight=\u00bb3px\u00bb disabled_on=\u00bboff|off|off%22&#8243; _builder_version=\u00bb4.27.4&#8243; max_width=\u00bb150px\u00bb module_alignment=\u00bbcenter\u00bb height=\u00bbfalse\u00bb custom_margin=\u00bb30px|||\u00bb animation_style=\u00bbslide\u00bb animation_direction=\u00bbtop\u00bb animation_delay=\u00bb100ms\u00bb animation_intensity_slide=\u00bb10%\u00bb locked=\u00bboff\u00bb global_colors_info=\u00bb{}\u00bb][\/et_pb_divider][et_pb_text admin_label=\u00bbSub Title\u00bb _builder_version=\u00bb4.16&#8243; text_font=\u00bbRoboto||||\u00bb text_text_color=\u00bb#1a1a1a\u00bb text_font_size=\u00bb24px\u00bb text_line_height=\u00bb1.4em\u00bb background_size=\u00bbinitial\u00bb background_position=\u00bbtop_left\u00bb background_repeat=\u00bbrepeat\u00bb text_orientation=\u00bbcenter\u00bb custom_padding=\u00bb30px|||\u00bb animation_style=\u00bbslide\u00bb animation_direction=\u00bbtop\u00bb animation_delay=\u00bb200ms\u00bb animation_intensity_slide=\u00bb10%\u00bb locked=\u00bboff\u00bb global_colors_info=\u00bb{}\u00bb]Adem\u00e1s, prestamos servicios auxiliares a empresas del sector mar\u00edtimo:[\/et_pb_text][\/et_pb_column][\/et_pb_row][et_pb_row column_structure=\u00bb1_5,1_5,1_5,1_5,1_5&#8243; use_custom_gutter=\u00bbon\u00bb make_equal=\u00bbon\u00bb _builder_version=\u00bb4.16&#8243; _module_preset=\u00bbdefault\u00bb width=\u00bb95%\u00bb max_width=\u00bb95%\u00bb global_colors_info=\u00bb{}\u00bb][et_pb_column type=\u00bb1_5&#8243; _builder_version=\u00bb4.16&#8243; _module_preset=\u00bbdefault\u00bb global_colors_info=\u00bb{}\u00bb][et_pb_blurb title=\u00bbServicios externalizados para empresas portuarias\u00bb image=\u00bbhttps:\/\/www.marinesurveyorspain.com\/wp-content\/uploads\/2024\/12\/outsourced-services-port-companies.jpg\u00bb alt=\u00bbServicios externalizados para empresas portuarias\u00bb _builder_version=\u00bb4.16&#8243; _module_preset=\u00bbdefault\u00bb header_font=\u00bbOswald|700|||||||\u00bb header_line_height=\u00bb1.3em\u00bb body_font=\u00bbRoboto||||||||\u00bb body_font_size=\u00bb16px\u00bb body_line_height=\u00bb1.9em\u00bb global_colors_info=\u00bb{}\u00bb]Prestamos servicios externalizados a empresas portuarias, incluida la gesti\u00f3n de actividades y procesos espec\u00edficos como el control de accesos, la coordinaci\u00f3n de operaciones log\u00edsticas, la gesti\u00f3n de almacenes y otras tareas relacionadas. Nuestro objetivo es optimizar la eficacia operativa, permitiendo a las empresas portuarias centrarse en sus actividades principales.[\/et_pb_blurb][\/et_pb_column][et_pb_column type=\u00bb1_5&#8243; _builder_version=\u00bb4.16&#8243; _module_preset=\u00bbdefault\u00bb global_colors_info=\u00bb{}\u00bb][et_pb_blurb title=\u00bbAsistencia a la tripulaci\u00f3n\u00bb image=\u00bbhttps:\/\/www.marinesurveyorspain.com\/wp-content\/uploads\/2024\/12\/crew-assistance.jpg\u00bb alt=\u00bbAsistencia a la tripulaci\u00f3n\u00bb _builder_version=\u00bb4.16&#8243; _module_preset=\u00bbdefault\u00bb header_font=\u00bbOswald|700|||||||\u00bb header_line_height=\u00bb1.3em\u00bb body_font=\u00bbRoboto||||||||\u00bb body_font_size=\u00bb16px\u00bb body_line_height=\u00bb1.9em\u00bb global_colors_info=\u00bb{}\u00bb]Ofrecemos servicios de atenci\u00f3n y asistencia a las tripulaciones de los buques, prestando apoyo en \u00e1reas como la coordinaci\u00f3n de servicios m\u00e9dicos, el suministro de provisiones, la gesti\u00f3n de permisos y visados, y la resoluci\u00f3n de problemas log\u00edsticos. Nuestro objetivo es garantizar el bienestar de las tripulaciones durante su estancia en puerto.[\/et_pb_blurb][\/et_pb_column][et_pb_column type=\u00bb1_5&#8243; _builder_version=\u00bb4.16&#8243; _module_preset=\u00bbdefault\u00bb global_colors_info=\u00bb{}\u00bb][et_pb_blurb title=\u00bbTareas de env\u00edo\u00bb image=\u00bbhttps:\/\/www.marinesurveyorspain.com\/wp-content\/uploads\/2024\/12\/ship-consignment-tasks.jpg\u00bb alt=\u00bbTareas de env\u00edo\u00bb _builder_version=\u00bb4.16&#8243; _module_preset=\u00bbdefault\u00bb header_font=\u00bbOswald|700|||||||\u00bb header_line_height=\u00bb1.3em\u00bb body_font=\u00bbRoboto||||||||\u00bb body_font_size=\u00bb16px\u00bb body_line_height=\u00bb1.9em\u00bb global_colors_info=\u00bb{}\u00bb]Realizamos tareas de consignaci\u00f3n de buques en nombre de las empresas consignatarias. Esto implica actividades como la coordinaci\u00f3n de la llegada y salida de los buques, la tramitaci\u00f3n de documentos y permisos, la coordinaci\u00f3n de los servicios portuarios y la comunicaci\u00f3n con las autoridades portuarias y otras partes interesadas.[\/et_pb_blurb][\/et_pb_column][et_pb_column type=\u00bb1_5&#8243; _builder_version=\u00bb4.16&#8243; _module_preset=\u00bbdefault\u00bb global_colors_info=\u00bb{}\u00bb][et_pb_blurb title=\u00bbRepresentaci\u00f3n de armadores en puerto\u00bb image=\u00bbhttps:\/\/www.marinesurveyorspain.com\/wp-content\/uploads\/2024\/12\/representation-ship-owners-port.jpg\u00bb alt=\u00bbRepresentaci\u00f3n de armadores en puerto\u00bb _builder_version=\u00bb4.16&#8243; _module_preset=\u00bbdefault\u00bb header_font=\u00bbOswald|700|||||||\u00bb header_line_height=\u00bb1.3em\u00bb body_font=\u00bbRoboto||||||||\u00bb body_font_size=\u00bb16px\u00bb body_line_height=\u00bb1.9em\u00bb global_colors_info=\u00bb{}\u00bb]Actuamos como representantes de los armadores en puerto, ocup\u00e1ndonos de diversos asuntos relacionados. Esto puede incluir la gesti\u00f3n de permisos y autorizaciones, la coordinaci\u00f3n de servicios portuarios y log\u00edsticos, la resoluci\u00f3n de problemas operativos y la representaci\u00f3n en reuniones o negociaciones con las autoridades portuarias u otras partes interesadas.[\/et_pb_blurb][\/et_pb_column][et_pb_column type=\u00bb1_5&#8243; _builder_version=\u00bb4.16&#8243; _module_preset=\u00bbdefault\u00bb global_colors_info=\u00bb{}\u00bb][et_pb_blurb title=\u00bbTransporte mar\u00edtimo de buques y necesidades espec\u00edficas de la tripulaci\u00f3n\u00bb image=\u00bbhttps:\/\/www.marinesurveyorspain.com\/wp-content\/uploads\/2024\/12\/maritime-vessel-transport-crew-specific-needs.jpg\u00bb alt=\u00bbTransporte mar\u00edtimo de buques y necesidades espec\u00edficas de la tripulaci\u00f3n\u00bb _builder_version=\u00bb4.16&#8243; _module_preset=\u00bbdefault\u00bb header_font=\u00bbOswald|700|||||||\u00bb header_line_height=\u00bb1.3em\u00bb body_font=\u00bbRoboto||||||||\u00bb body_font_size=\u00bb16px\u00bb body_line_height=\u00bb1.9em\u00bb global_colors_info=\u00bb{}\u00bb]Adem\u00e1s, ayudamos en el transporte mar\u00edtimo de embarcaciones y atendemos necesidades espec\u00edficas de la tripulaci\u00f3n.[\/et_pb_blurb][\/et_pb_column][\/et_pb_row][\/et_pb_section][et_pb_section fb_built=\u00bb1&#8243; admin_label=\u00bbInventory Control and Management in Warehouses, Factories, and Stores\u00bb _builder_version=\u00bb4.16&#8243; background_image=\u00bbhttps:\/\/www.marinesurveyorspain.com\/wp-content\/uploads\/2024\/12\/bg-clients.jpg\u00bb parallax=\u00bbon\u00bb custom_padding=\u00bb0px||0px|\u00bb collapsed=\u00bboff\u00bb global_colors_info=\u00bb{}\u00bb][et_pb_row column_structure=\u00bb1_2,1_2&#8243; use_custom_gutter=\u00bbon\u00bb gutter_width=\u00bb1&#8243; make_equal=\u00bbon\u00bb module_class=\u00bb et_pb_row_fullwidth\u00bb _builder_version=\u00bb4.16&#8243; width=\u00bb100%\u00bb width_tablet=\u00bb100%\u00bb width_phone=\u00bb\u00bb width_last_edited=\u00bbon|desktop\u00bb max_width=\u00bb100%\u00bb max_width_tablet=\u00bb100%\u00bb max_width_phone=\u00bb\u00bb max_width_last_edited=\u00bbon|desktop\u00bb custom_padding=\u00bb0px||0px|\u00bb make_fullwidth=\u00bbon\u00bb global_colors_info=\u00bb{}\u00bb][et_pb_column type=\u00bb1_2&#8243; _builder_version=\u00bb4.16&#8243; use_background_color_gradient=\u00bbon\u00bb background_color_gradient_stops=\u00bb#ffffff 0%|rgba(255,255,255,0.85) 50%\u00bb background_color_gradient_start=\u00bb#ffffff\u00bb background_color_gradient_end=\u00bbrgba(255,255,255,0.85)\u00bb background_color_gradient_end_position=\u00bb50%\u00bb parallax=\u00bbon\u00bb custom_padding=\u00bb8%|6%|6%|6%\u00bb global_colors_info=\u00bb{}\u00bb custom_padding__hover=\u00bb|||\u00bb][et_pb_text admin_label=\u00bbInventory Control and Management in Warehouses, Factories, and Stores\u00bb _builder_version=\u00bb4.27.4&#8243; text_font=\u00bb||||\u00bb text_text_color=\u00bb#1a1a1a\u00bb header_font=\u00bbOswald|on||on|\u00bb header_text_align=\u00bbcenter\u00bb header_font_size=\u00bb60px\u00bb header_line_height=\u00bb1.3em\u00bb header_2_font=\u00bbOswald|700||on|||||\u00bb header_2_text_align=\u00bbright\u00bb header_2_font_size=\u00bb50px\u00bb header_2_line_height=\u00bb1.3em\u00bb animation_style=\u00bbslide\u00bb animation_direction=\u00bb%22fade_in%22&#8243; animation_duration=\u00bb500ms\u00bb animation_intensity_slide=\u00bb10%\u00bb header_font_size_tablet=\u00bb\u00bb header_font_size_phone=\u00bb\u00bb header_font_size_last_edited=\u00bbon|desktop\u00bb header_2_font_size_tablet=\u00bb\u00bb header_2_font_size_phone=\u00bb40px\u00bb header_2_font_size_last_edited=\u00bbon|phone\u00bb global_colors_info=\u00bb{}\u00bb]<\/p>\n<h2>Control y Gesti\u00f3n de Inventarios en Almacenes, F\u00e1bricas y Dep\u00f3sitos<\/h2>\n<p>[\/et_pb_text][et_pb_image align_tablet=\u00bbcenter\u00bb align_phone=\u00bb\u00bb align_last_edited=\u00bbon|desktop\u00bb _builder_version=\u00bb4.16&#8243; animation_style=\u00bbslide\u00bb animation_direction=\u00bbleft\u00bb animation_duration=\u00bb500ms\u00bb animation_intensity_slide=\u00bb10%\u00bb global_colors_info=\u00bb{}\u00bb][\/et_pb_image][et_pb_divider divider_position=\u00bbcenter\u00bb divider_weight=\u00bb3px\u00bb disabled_on=\u00bboff|off|off%22&#8243; _builder_version=\u00bb4.27.4&#8243; max_width=\u00bb150px\u00bb module_alignment=\u00bbright\u00bb height=\u00bbfalse\u00bb custom_margin=\u00bb30px|||\u00bb animation_style=\u00bbslide\u00bb animation_direction=\u00bbtop\u00bb animation_delay=\u00bb100ms\u00bb animation_intensity_slide=\u00bb10%\u00bb hover_enabled=\u00bb0&#8243; locked=\u00bboff\u00bb global_colors_info=\u00bb{}\u00bb sticky_enabled=\u00bb0&#8243;][\/et_pb_divider][et_pb_text admin_label=\u00bbVerify the accuracy of records and the quality\/state of products &#8230;\u00bb _builder_version=\u00bb4.16&#8243; text_font=\u00bbRoboto||||\u00bb text_text_color=\u00bb#1a1a1a\u00bb text_font_size=\u00bb24px\u00bb text_line_height=\u00bb1.4em\u00bb background_size=\u00bbinitial\u00bb background_position=\u00bbtop_left\u00bb background_repeat=\u00bbrepeat\u00bb text_orientation=\u00bbright\u00bb max_width=\u00bb450px\u00bb module_alignment=\u00bbright\u00bb custom_padding=\u00bb30px|||\u00bb animation_style=\u00bbslide\u00bb animation_direction=\u00bbtop\u00bb animation_delay=\u00bb200ms\u00bb animation_intensity_slide=\u00bb10%\u00bb locked=\u00bboff\u00bb global_colors_info=\u00bb{}\u00bb]Inspecci\u00f3n y control de inventarios y existencias en diversos entornos empresariales. Nos centramos en garantizar la precisi\u00f3n e integridad de la gesti\u00f3n de inventarios.[\/et_pb_text][et_pb_text disabled_on=\u00bboff|off|off\u00bb _builder_version=\u00bb4.16&#8243; text_font=\u00bbRoboto||||\u00bb text_font_size=\u00bb16px\u00bb text_line_height=\u00bb1.9em\u00bb background_size=\u00bbinitial\u00bb background_position=\u00bbtop_left\u00bb background_repeat=\u00bbrepeat\u00bb custom_margin=\u00bb60|||\u00bb custom_padding=\u00bb||0px||false|false\u00bb animation_style=\u00bbslide\u00bb animation_direction=\u00bbtop\u00bb animation_delay=\u00bb400ms\u00bb animation_intensity_slide=\u00bb4%\u00bb locked=\u00bboff\u00bb global_colors_info=\u00bb{}\u00bb]<\/p>\n<p>Verificar la exactitud de los registros y la calidad\/estado de los productos. Identificar y resolver las desviaciones y discrepancias en los inventarios, aplicando medidas correctoras para minimizar las p\u00e9rdidas. Garantizar la exactitud y fiabilidad de los registros de inventario..  <\/p>\n<p>[\/et_pb_text][\/et_pb_column][et_pb_column type=\u00bb1_2&#8243; _builder_version=\u00bb4.16&#8243; custom_padding=\u00bb|||\u00bb global_colors_info=\u00bb{}\u00bb custom_padding__hover=\u00bb|||\u00bb][\/et_pb_column][\/et_pb_row][\/et_pb_section]<\/p>\n","protected":false},"excerpt":{"rendered":"<p>Servicios AuxiliaresServicios auxiliares a empresas del sector mar\u00edtimoServicios Auxiliares Mar\u00edtimosAdem\u00e1s, prestamos servicios auxiliares a empresas del sector mar\u00edtimo:Prestamos servicios externalizados a empresas portuarias, incluida la gesti\u00f3n de actividades y procesos espec\u00edficos como el control de accesos, la coordinaci\u00f3n de operaciones log\u00edsticas, la gesti\u00f3n de almacenes y otras tareas relacionadas. Nuestro objetivo es optimizar la eficacia [&hellip;]<\/p>\n","protected":false},"author":1,"featured_media":0,"parent":0,"menu_order":4,"comment_status":"closed","ping_status":"closed","template":"","meta":{"_et_pb_use_builder":"on","_et_pb_old_content":"","_et_gb_content_width":"","_monsterinsights_skip_tracking":false,"_monsterinsights_sitenote_active":false,"_monsterinsights_sitenote_note":"","_monsterinsights_sitenote_category":0,"footnotes":""},"class_list":["post-3506","page","type-page","status-publish","hentry"],"yoast_head":"<!-- This site is optimized with the Yoast SEO plugin v24.8.1 - https:\/\/yoast.com\/wordpress\/plugins\/seo\/ -->\n<title>Servicios Auxiliares Mar\u00edtimos - Javmar ISPS<\/title>\n<meta name=\"description\" content=\"Servicios auxiliares a empresas del sector mar\u00edtimo: Servicios externalizados para empresas portuarias, asistencia a tripulaciones, tareas de consignaci\u00f3n de buques\" \/>\n<meta name=\"robots\" content=\"index, follow, max-snippet:-1, max-image-preview:large, max-video-preview:-1\" \/>\n<link rel=\"canonical\" href=\"https:\/\/www.marinesurveyorspain.com\/es\/servicios-auxiliares\/\" \/>\n<meta property=\"og:locale\" content=\"es_ES\" \/>\n<meta property=\"og:type\" content=\"article\" \/>\n<meta property=\"og:title\" content=\"Servicios Auxiliares Mar\u00edtimos - Javmar ISPS\" \/>\n<meta property=\"og:description\" content=\"Servicios auxiliares a empresas del sector mar\u00edtimo: Servicios externalizados para empresas portuarias, asistencia a tripulaciones, tareas de consignaci\u00f3n de buques\" \/>\n<meta property=\"og:url\" content=\"https:\/\/www.marinesurveyorspain.com\/es\/servicios-auxiliares\/\" \/>\n<meta property=\"og:site_name\" content=\"Javmar ISPS\" \/>\n<meta property=\"article:modified_time\" content=\"2024-12-26T12:04:35+00:00\" \/>\n<meta name=\"twitter:card\" content=\"summary_large_image\" \/>\n<meta name=\"twitter:label1\" content=\"Tiempo de lectura\" \/>\n\t<meta name=\"twitter:data1\" content=\"9 minutos\" \/>\n<script type=\"application\/ld+json\" class=\"yoast-schema-graph\">{\"@context\":\"https:\/\/schema.org\",\"@graph\":[{\"@type\":\"WebPage\",\"@id\":\"https:\/\/www.marinesurveyorspain.com\/es\/servicios-auxiliares\/\",\"url\":\"https:\/\/www.marinesurveyorspain.com\/es\/servicios-auxiliares\/\",\"name\":\"Servicios Auxiliares Mar\u00edtimos - Javmar ISPS\",\"isPartOf\":{\"@id\":\"https:\/\/www.marinesurveyorspain.com\/es\/#website\"},\"datePublished\":\"2024-12-09T10:00:48+00:00\",\"dateModified\":\"2024-12-26T12:04:35+00:00\",\"description\":\"Servicios auxiliares a empresas del sector mar\u00edtimo: Servicios externalizados para empresas portuarias, asistencia a tripulaciones, tareas de consignaci\u00f3n de buques\",\"breadcrumb\":{\"@id\":\"https:\/\/www.marinesurveyorspain.com\/es\/servicios-auxiliares\/#breadcrumb\"},\"inLanguage\":\"es\",\"potentialAction\":[{\"@type\":\"ReadAction\",\"target\":[\"https:\/\/www.marinesurveyorspain.com\/es\/servicios-auxiliares\/\"]}]},{\"@type\":\"BreadcrumbList\",\"@id\":\"https:\/\/www.marinesurveyorspain.com\/es\/servicios-auxiliares\/#breadcrumb\",\"itemListElement\":[{\"@type\":\"ListItem\",\"position\":1,\"name\":\"Portada\",\"item\":\"https:\/\/www.marinesurveyorspain.com\/es\/\"},{\"@type\":\"ListItem\",\"position\":2,\"name\":\"Servicios Auxiliares\"}]},{\"@type\":\"WebSite\",\"@id\":\"https:\/\/www.marinesurveyorspain.com\/es\/#website\",\"url\":\"https:\/\/www.marinesurveyorspain.com\/es\/\",\"name\":\"Javmar ISPS\",\"description\":\"Inspections &amp; Sea Port Services\",\"potentialAction\":[{\"@type\":\"SearchAction\",\"target\":{\"@type\":\"EntryPoint\",\"urlTemplate\":\"https:\/\/www.marinesurveyorspain.com\/es\/?s={search_term_string}\"},\"query-input\":{\"@type\":\"PropertyValueSpecification\",\"valueRequired\":true,\"valueName\":\"search_term_string\"}}],\"inLanguage\":\"es\"}]}<\/script>\n<!-- \/ Yoast SEO plugin. -->","yoast_head_json":{"title":"Servicios Auxiliares Mar\u00edtimos - Javmar ISPS","description":"Servicios auxiliares a empresas del sector mar\u00edtimo: Servicios externalizados para empresas portuarias, asistencia a tripulaciones, tareas de consignaci\u00f3n de buques","robots":{"index":"index","follow":"follow","max-snippet":"max-snippet:-1","max-image-preview":"max-image-preview:large","max-video-preview":"max-video-preview:-1"},"canonical":"https:\/\/www.marinesurveyorspain.com\/es\/servicios-auxiliares\/","og_locale":"es_ES","og_type":"article","og_title":"Servicios Auxiliares Mar\u00edtimos - Javmar ISPS","og_description":"Servicios auxiliares a empresas del sector mar\u00edtimo: Servicios externalizados para empresas portuarias, asistencia a tripulaciones, tareas de consignaci\u00f3n de buques","og_url":"https:\/\/www.marinesurveyorspain.com\/es\/servicios-auxiliares\/","og_site_name":"Javmar ISPS","article_modified_time":"2024-12-26T12:04:35+00:00","twitter_card":"summary_large_image","twitter_misc":{"Tiempo de lectura":"9 minutos"},"schema":{"@context":"https:\/\/schema.org","@graph":[{"@type":"WebPage","@id":"https:\/\/www.marinesurveyorspain.com\/es\/servicios-auxiliares\/","url":"https:\/\/www.marinesurveyorspain.com\/es\/servicios-auxiliares\/","name":"Servicios Auxiliares Mar\u00edtimos - Javmar ISPS","isPartOf":{"@id":"https:\/\/www.marinesurveyorspain.com\/es\/#website"},"datePublished":"2024-12-09T10:00:48+00:00","dateModified":"2024-12-26T12:04:35+00:00","description":"Servicios auxiliares a empresas del sector mar\u00edtimo: Servicios externalizados para empresas portuarias, asistencia a tripulaciones, tareas de consignaci\u00f3n de buques","breadcrumb":{"@id":"https:\/\/www.marinesurveyorspain.com\/es\/servicios-auxiliares\/#breadcrumb"},"inLanguage":"es","potentialAction":[{"@type":"ReadAction","target":["https:\/\/www.marinesurveyorspain.com\/es\/servicios-auxiliares\/"]}]},{"@type":"BreadcrumbList","@id":"https:\/\/www.marinesurveyorspain.com\/es\/servicios-auxiliares\/#breadcrumb","itemListElement":[{"@type":"ListItem","position":1,"name":"Portada","item":"https:\/\/www.marinesurveyorspain.com\/es\/"},{"@type":"ListItem","position":2,"name":"Servicios Auxiliares"}]},{"@type":"WebSite","@id":"https:\/\/www.marinesurveyorspain.com\/es\/#website","url":"https:\/\/www.marinesurveyorspain.com\/es\/","name":"Javmar ISPS","description":"Inspections &amp; Sea Port Services","potentialAction":[{"@type":"SearchAction","target":{"@type":"EntryPoint","urlTemplate":"https:\/\/www.marinesurveyorspain.com\/es\/?s={search_term_string}"},"query-input":{"@type":"PropertyValueSpecification","valueRequired":true,"valueName":"search_term_string"}}],"inLanguage":"es"}]}},"_links":{"self":[{"href":"https:\/\/www.marinesurveyorspain.com\/es\/wp-json\/wp\/v2\/pages\/3506","targetHints":{"allow":["GET"]}}],"collection":[{"href":"https:\/\/www.marinesurveyorspain.com\/es\/wp-json\/wp\/v2\/pages"}],"about":[{"href":"https:\/\/www.marinesurveyorspain.com\/es\/wp-json\/wp\/v2\/types\/page"}],"author":[{"embeddable":true,"href":"https:\/\/www.marinesurveyorspain.com\/es\/wp-json\/wp\/v2\/users\/1"}],"replies":[{"embeddable":true,"href":"https:\/\/www.marinesurveyorspain.com\/es\/wp-json\/wp\/v2\/comments?post=3506"}],"version-history":[{"count":2,"href":"https:\/\/www.marinesurveyorspain.com\/es\/wp-json\/wp\/v2\/pages\/3506\/revisions"}],"predecessor-version":[{"id":3508,"href":"https:\/\/www.marinesurveyorspain.com\/es\/wp-json\/wp\/v2\/pages\/3506\/revisions\/3508"}],"wp:attachment":[{"href":"https:\/\/www.marinesurveyorspain.com\/es\/wp-json\/wp\/v2\/media?parent=3506"}],"curies":[{"name":"wp","href":"https:\/\/api.w.org\/{rel}","templated":true}]}}