{"id":3503,"date":"2024-12-09T07:42:24","date_gmt":"2024-12-09T07:42:24","guid":{"rendered":"https:\/\/www.marinesurveyorspain.com\/algunos-clientes\/"},"modified":"2025-06-02T07:04:41","modified_gmt":"2025-06-02T07:04:41","slug":"algunos-clientes","status":"publish","type":"page","link":"https:\/\/www.marinesurveyorspain.com\/es\/algunos-clientes\/","title":{"rendered":"Algunos clientes"},"content":{"rendered":"<p>[et_pb_section fb_built=\u00bb1&#8243; fullwidth=\u00bbon\u00bb admin_label=\u00bbHero\u00bb _builder_version=\u00bb4.16&#8243; background_enable_color=\u00bboff\u00bb custom_padding=\u00bb0px|0px|0px|0px\u00bb collapsed=\u00bboff\u00bb global_colors_info=\u00bb{}\u00bb][et_pb_fullwidth_header title=\u00bbAlgunos de nuestros clientes\u00bb background_overlay_color=\u00bbrgba(29,38,51,0.6)\u00bb admin_label=\u00bbHero Section\u00bb _builder_version=\u00bb4.27.4&#8243; title_font=\u00bbOswald|on||on|\u00bb title_font_size=\u00bb80px\u00bb title_line_height=\u00bb1.3em\u00bb content_font=\u00bbRoboto||||\u00bb content_font_size=\u00bb20px\u00bb background_enable_color=\u00bboff\u00bb background_image=\u00bbhttps:\/\/www.marinesurveyorspain.com\/wp-content\/uploads\/2024\/12\/bg-clients.jpg\u00bb custom_button_one=\u00bbon\u00bb button_one_text_color=\u00bb#ffffff\u00bb button_one_bg_color=\u00bb#f71735&#8243; button_one_border_width=\u00bb0px\u00bb button_one_border_color=\u00bbrgba(0,0,0,0)\u00bb button_one_border_radius=\u00bb5px\u00bb button_one_letter_spacing=\u00bb2px\u00bb button_one_font=\u00bbOswald|700||on|||||\u00bb button_one_icon=\u00bb&#x24;||divi||400&#8243; button_one_icon_color=\u00bb#ffffff\u00bb button_one_custom_padding=\u00bb0.75em||0.75em||true|false\u00bb custom_margin=\u00bb|||\u00bb custom_padding=\u00bb220px||220px||true|false\u00bb custom_padding_tablet=\u00bb60px||60px|\u00bb custom_padding_phone=\u00bb\u00bb custom_padding_last_edited=\u00bbon|desktop\u00bb animation_style=\u00bbzoom\u00bb animation_direction=\u00bbbottom\u00bb animation_intensity_zoom=\u00bb4%\u00bb hover_enabled=\u00bb0&#8243; title_font_size_tablet=\u00bb\u00bb title_font_size_phone=\u00bb50px\u00bb title_font_size_last_edited=\u00bbon|phone\u00bb button_one_text_shadow_style=\u00bbpreset4&#8243; button_one_text_color_hover=\u00bb#ffffff\u00bb button_one_border_color_hover=\u00bb#ffffff\u00bb button_one_border_radius_hover=\u00bb0px\u00bb button_one_letter_spacing_hover=\u00bb4px\u00bb button_one_bg_color_hover=\u00bbrgba(0,0,0,0)\u00bb global_colors_info=\u00bb{}\u00bb button_one_text_size__hover_enabled=\u00bboff\u00bb button_two_text_size__hover_enabled=\u00bboff\u00bb button_one_text_color__hover_enabled=\u00bbon|hover\u00bb button_one_text_color__hover=\u00bb#ffffff\u00bb button_two_text_color__hover_enabled=\u00bboff\u00bb button_one_border_width__hover_enabled=\u00bboff\u00bb button_two_border_width__hover_enabled=\u00bboff\u00bb button_one_border_color__hover_enabled=\u00bboff|desktop\u00bb button_one_border_color__hover=\u00bb#ffffff\u00bb button_two_border_color__hover_enabled=\u00bboff\u00bb button_one_border_radius__hover_enabled=\u00bbon\u00bb button_one_border_radius__hover=\u00bb0px\u00bb button_two_border_radius__hover_enabled=\u00bboff\u00bb button_one_letter_spacing__hover_enabled=\u00bbon\u00bb button_one_letter_spacing__hover=\u00bb4px\u00bb button_two_letter_spacing__hover_enabled=\u00bboff\u00bb button_one_bg_color__hover_enabled=\u00bbon|hover\u00bb button_one_bg_color__hover=\u00bb#f71735&#8243; button_two_bg_color__hover_enabled=\u00bboff\u00bb button_one_bg_enable_color__hover=\u00bbon\u00bb use_background_color_gradient=\u00bbon\u00bb background_color_gradient_stops=\u00bbrgba(0,0,0,0.5) 0%|rgba(0,0,0,0.29) 100%\u00bb sticky_enabled=\u00bb0&#8243; background_color_gradient_overlays_image=\u00bbon\u00bb]Nuestra reputaci\u00f3n se basa en nuestra experiencia, profesionalidad y calidad de nuestros servicios.[\/et_pb_fullwidth_header][\/et_pb_section][et_pb_section fb_built=\u00bb1&#8243; _builder_version=\u00bb4.16&#8243; _module_preset=\u00bbdefault\u00bb collapsed=\u00bbon\u00bb global_colors_info=\u00bb{}\u00bb][et_pb_row _builder_version=\u00bb4.16&#8243; _module_preset=\u00bbdefault\u00bb width=\u00bb95%\u00bb max_width=\u00bb2560px\u00bb global_colors_info=\u00bb{}\u00bb][et_pb_column type=\u00bb4_4&#8243; _builder_version=\u00bb4.16&#8243; _module_preset=\u00bbdefault\u00bb global_colors_info=\u00bb{}\u00bb][et_pb_text admin_label=\u00bbSome of our distinguished clients include:\u00bb _builder_version=\u00bb4.27.4&#8243; text_font=\u00bb||||\u00bb text_text_color=\u00bb#1a1a1a\u00bb header_font=\u00bbOswald|on||on|\u00bb header_text_align=\u00bbleft\u00bb header_font_size=\u00bb60px\u00bb header_line_height=\u00bb1.3em\u00bb header_2_font=\u00bbOswald|700||on|||||\u00bb header_2_text_align=\u00bbcenter\u00bb header_2_font_size=\u00bb50px\u00bb header_2_line_height=\u00bb1.3em\u00bb custom_margin=\u00bb||0px||false|false\u00bb animation_style=\u00bbslide\u00bb animation_direction=\u00bb%22fade_in%22&#8243; animation_duration=\u00bb500ms\u00bb animation_intensity_slide=\u00bb10%\u00bb header_font_size_tablet=\u00bb\u00bb header_font_size_phone=\u00bb\u00bb header_font_size_last_edited=\u00bbon|desktop\u00bb header_2_font_size_tablet=\u00bb50px\u00bb header_2_font_size_phone=\u00bb40px\u00bb header_2_font_size_last_edited=\u00bbon|phone\u00bb global_colors_info=\u00bb{}\u00bb]<\/p>\n<h2>Algunos de nuestros distinguidos clientes son:<\/h2>\n<p>[\/et_pb_text][et_pb_divider divider_position=\u00bbcenter\u00bb divider_weight=\u00bb3px\u00bb disabled_on=\u00bboff|off|off%22&#8243; _builder_version=\u00bb4.27.4&#8243; max_width=\u00bb150px\u00bb module_alignment=\u00bbcenter\u00bb height=\u00bbfalse\u00bb custom_margin=\u00bb30px||0px||false|false\u00bb custom_padding=\u00bb||0px||false|false\u00bb animation_style=\u00bbslide\u00bb animation_direction=\u00bbtop\u00bb animation_delay=\u00bb100ms\u00bb animation_intensity_slide=\u00bb10%\u00bb locked=\u00bboff\u00bb global_colors_info=\u00bb{}\u00bb][\/et_pb_divider][dica_divi_carousel loop=\u00bbon\u00bb autoplay=\u00bbon\u00bb hoverpause=\u00bbon\u00bb scroller_effect=\u00bbon\u00bb dot_nav=\u00bbon\u00bb advanced_effect=\u00bb1&#8243; _builder_version=\u00bb4.27.4&#8243; _module_preset=\u00bbdefault\u00bb title_font=\u00bbOswald|700|||||||\u00bb title_font_size=\u00bb18px\u00bb title_line_height=\u00bb1.3em\u00bb subtitle_font=\u00bbRoboto||||||||\u00bb subtitle_line_height=\u00bb1.9em\u00bb global_colors_info=\u00bb{}\u00bb][dica_divi_carouselitem title=\u00bbArcelorMittal\u00bb sub_title=\u00bbUno de los principales productores de acero del mundo, nos confi\u00f3 la inspecci\u00f3n de la chatarra de acero para garantizar la calidad de los materiales utilizados en su proceso de producci\u00f3n.\u00bb button_url_new_window=\u00bb1&#8243; image=\u00bbhttps:\/\/www.marinesurveyorspain.com\/wp-content\/uploads\/2024\/12\/arcelor-mittal-lg.jpg\u00bb _builder_version=\u00bb4.16&#8243; _module_preset=\u00bbdefault\u00bb link_option_url=\u00bbhttps:\/\/spain.arcelormittal.com\/\u00bb link_option_url_new_window=\u00bbon\u00bb global_colors_info=\u00bb{}\u00bb][\/dica_divi_carouselitem][dica_divi_carouselitem title=\u00bbTimac Agro\u00bb sub_title=\u00bbUna empresa l\u00edder en la producci\u00f3n de fertilizantes y aditivos agr\u00edcolas solicit\u00f3 nuestros servicios para la inspecci\u00f3n y el control de calidad de productos agr\u00edcolas destinados a la exportaci\u00f3n.\u00bb button_url_new_window=\u00bb1&#8243; image=\u00bbhttps:\/\/www.marinesurveyorspain.com\/wp-content\/uploads\/2024\/12\/timac-agro-lg.jpg\u00bb _builder_version=\u00bb4.16&#8243; _module_preset=\u00bbdefault\u00bb link_option_url=\u00bbhttps:\/\/es.timacagro.com\/\u00bb link_option_url_new_window=\u00bbon\u00bb global_colors_info=\u00bb{}\u00bb][\/dica_divi_carouselitem][dica_divi_carouselitem title=\u00bbRimeco\u00bb sub_title=\u00bbUna empresa especializada en el reciclaje y el comercio de metales confi\u00f3 en nosotros para realizar inspecciones de la chatarra a fin de garantizar el cumplimiento de las normas de calidad exigidas.\u00bb button_url_new_window=\u00bb1&#8243; image=\u00bbhttps:\/\/www.marinesurveyorspain.com\/wp-content\/uploads\/2024\/12\/rimeco-lg.jpg\u00bb _builder_version=\u00bb4.16&#8243; _module_preset=\u00bbdefault\u00bb link_option_url=\u00bbhttps:\/\/rimeco.com\/\u00bb link_option_url_new_window=\u00bbon\u00bb global_colors_info=\u00bb{}\u00bb][\/dica_divi_carouselitem][dica_divi_carouselitem title=\u00bbBST\u00bb sub_title=\u00bbUna empresa de reciclaje de metales reconocida en todo el mundo, utiliz\u00f3 nuestros servicios de inspecci\u00f3n y control de mercanc\u00edas en diversas operaciones mar\u00edtimas.\u00bb button_url_new_window=\u00bb1&#8243; image=\u00bbhttps:\/\/www.marinesurveyorspain.com\/wp-content\/uploads\/2024\/12\/bst-lg.jpg\u00bb _builder_version=\u00bb4.16&#8243; _module_preset=\u00bbdefault\u00bb link_option_url=\u00bbhttps:\/\/belgianscrap.com\/en\/\u00bb link_option_url_new_window=\u00bbon\u00bb global_colors_info=\u00bb{}\u00bb][\/dica_divi_carouselitem][dica_divi_carouselitem title=\u00bbNorton\u00bb sub_title=\u00bbDedicada al comercio internacional de chatarra de acero en bruto, conf\u00eda en nosotros para las inspecciones de diversos productos, incluidos minerales y combustibles.\u00bb button_url_new_window=\u00bb1&#8243; image=\u00bbhttps:\/\/www.marinesurveyorspain.com\/wp-content\/uploads\/2024\/12\/norton-lg.jpg\u00bb _builder_version=\u00bb4.16&#8243; _module_preset=\u00bbdefault\u00bb link_option_url=\u00bbhttps:\/\/www.s-norton.com\/\u00bb link_option_url_new_window=\u00bbon\u00bb global_colors_info=\u00bb{}\u00bb][\/dica_divi_carouselitem][dica_divi_carouselitem title=\u00bbBBC Chartering\u00bb sub_title=\u00bbUna de las mayores navieras del mundo, solicit\u00f3 nuestros servicios de inspecci\u00f3n y asesoramiento durante sus operaciones de carga y descarga.\u00bb button_url_new_window=\u00bb1&#8243; image=\u00bbhttps:\/\/www.marinesurveyorspain.com\/wp-content\/uploads\/2024\/12\/bbc-chartering-lg.jpg\u00bb _builder_version=\u00bb4.16&#8243; _module_preset=\u00bbdefault\u00bb link_option_url=\u00bbhttps:\/\/www.bbc-chartering.com\/\u00bb link_option_url_new_window=\u00bbon\u00bb global_colors_info=\u00bb{}\u00bb][\/dica_divi_carouselitem][dica_divi_carouselitem title=\u00bbWilson\u00bb sub_title=\u00bbUna empresa de transporte mar\u00edtimo y log\u00edstica, beneficiada por nuestra experiencia en inspecciones y control de mercanc\u00edas en distintos lugares internacionales.\u00bb button_url_new_window=\u00bb1&#8243; image=\u00bbhttps:\/\/www.marinesurveyorspain.com\/wp-content\/uploads\/2024\/12\/wilson-lg.jpg\u00bb _builder_version=\u00bb4.16&#8243; _module_preset=\u00bbdefault\u00bb link_option_url=\u00bbhttps:\/\/www.wilsonship.no\/\u00bb link_option_url_new_window=\u00bbon\u00bb global_colors_info=\u00bb{}\u00bb][\/dica_divi_carouselitem][\/dica_divi_carousel][\/et_pb_column][\/et_pb_row][\/et_pb_section][et_pb_section fb_built=\u00bb1&#8243; admin_label=\u00bb We provide services both nationally and globally\u00bb _builder_version=\u00bb4.16&#8243; background_image=\u00bbhttps:\/\/www.marinesurveyorspain.com\/wp-content\/uploads\/2024\/12\/sea-port-services-00.jpg\u00bb parallax=\u00bbon\u00bb custom_margin=\u00bb|||\u00bb custom_padding=\u00bb0px|||\u00bb collapsed=\u00bbon\u00bb global_colors_info=\u00bb{}\u00bb][et_pb_row use_custom_gutter=\u00bbon\u00bb gutter_width=\u00bb1&#8243; custom_padding_last_edited=\u00bbon|tablet\u00bb module_class=\u00bb et_pb_row_fullwidth\u00bb _builder_version=\u00bb4.16&#8243; use_background_color_gradient=\u00bbon\u00bb background_color_gradient_stops=\u00bb#ffffff 0%|rgba(255,255,255,0) 22%\u00bb background_color_gradient_start=\u00bb#ffffff\u00bb background_color_gradient_end=\u00bbrgba(255,255,255,0)\u00bb background_color_gradient_end_position=\u00bb22%\u00bb background_size=\u00bbinitial\u00bb background_position=\u00bbtop_left\u00bb background_repeat=\u00bbrepeat\u00bb width=\u00bb100%\u00bb width_tablet=\u00bb100%\u00bb width_phone=\u00bb\u00bb width_last_edited=\u00bbon|desktop\u00bb max_width=\u00bb100%\u00bb max_width_tablet=\u00bb100%\u00bb max_width_phone=\u00bb\u00bb max_width_last_edited=\u00bbon|desktop\u00bb custom_padding=\u00bb220px|0px|220px|0px\u00bb custom_padding_tablet=\u00bb0px|||\u00bb custom_padding_phone=\u00bb\u00bb make_fullwidth=\u00bbon\u00bb global_colors_info=\u00bb{}\u00bb][et_pb_column type=\u00bb4_4&#8243; _builder_version=\u00bb4.16&#8243; custom_padding=\u00bb|||\u00bb global_colors_info=\u00bb{}\u00bb custom_padding__hover=\u00bb|||\u00bb][et_pb_text admin_label=\u00bbWe provide services both nationally and globally\u00bb _builder_version=\u00bb4.27.4&#8243; text_font=\u00bb||||\u00bb text_text_color=\u00bb#1a1a1a\u00bb header_font=\u00bbOswald|on||on|\u00bb header_text_align=\u00bbleft\u00bb header_font_size=\u00bb60px\u00bb header_line_height=\u00bb1.3em\u00bb header_2_font=\u00bbOswald|700||on|||||\u00bb header_2_text_align=\u00bbcenter\u00bb header_2_font_size=\u00bb50px\u00bb header_2_line_height=\u00bb1.3em\u00bb custom_margin=\u00bb||2em||false|false\u00bb animation_style=\u00bbslide\u00bb animation_direction=\u00bb%22fade_in%22&#8243; animation_duration=\u00bb500ms\u00bb animation_intensity_slide=\u00bb10%\u00bb header_font_size_tablet=\u00bb\u00bb header_font_size_phone=\u00bb\u00bb header_font_size_last_edited=\u00bbon|desktop\u00bb header_2_font_size_tablet=\u00bb50px\u00bb header_2_font_size_phone=\u00bb40px\u00bb header_2_font_size_last_edited=\u00bbon|phone\u00bb header_text_shadow_style=\u00bbpreset1&#8243; header_text_shadow_color=\u00bb#ffffff\u00bb global_colors_info=\u00bb{}\u00bb]<\/p>\n<h2>Prestamos servicios tanto a nivel nacional como mundial<\/h2>\n<p>[\/et_pb_text][et_pb_button button_url=\u00bb\/es\/contacto\/\u00bb button_text=\u00bbPonte en contacto\u00bb button_alignment=\u00bbcenter\u00bb _builder_version=\u00bb4.27.4&#8243; custom_button=\u00bbon\u00bb button_text_color=\u00bb#ffffff\u00bb button_bg_color=\u00bb#f71735&#8243; button_border_width=\u00bb0px\u00bb button_border_color=\u00bb#f71735&#8243; button_border_radius=\u00bb5px\u00bb button_letter_spacing=\u00bb2px\u00bb button_font=\u00bbOswald|on||on|\u00bb button_icon=\u00bb&#x24;||divi||400&#8243; button_icon_color=\u00bb#ffffff\u00bb custom_padding=\u00bb0.75em||0.75em||true|false\u00bb button_border_radius_last_edited=\u00bboff|desktop\u00bb button_border_color_hover=\u00bb#1a1a1a\u00bb button_border_radius_hover=\u00bb0px\u00bb button_letter_spacing_hover=\u00bb4px\u00bb button_bg_color_hover=\u00bbrgba(0,0,0,0)\u00bb locked=\u00bboff\u00bb global_colors_info=\u00bb{}\u00bb button_text_size__hover_enabled=\u00bboff\u00bb button_one_text_size__hover_enabled=\u00bboff\u00bb button_two_text_size__hover_enabled=\u00bboff\u00bb button_text_color__hover_enabled=\u00bboff\u00bb button_one_text_color__hover_enabled=\u00bboff\u00bb button_two_text_color__hover_enabled=\u00bboff\u00bb button_border_width__hover_enabled=\u00bboff\u00bb button_one_border_width__hover_enabled=\u00bboff\u00bb button_two_border_width__hover_enabled=\u00bboff\u00bb button_border_color__hover_enabled=\u00bbon\u00bb button_border_color__hover=\u00bb#1a1a1a\u00bb button_one_border_color__hover_enabled=\u00bboff\u00bb button_two_border_color__hover_enabled=\u00bboff\u00bb button_border_radius__hover_enabled=\u00bboff|desktop\u00bb button_border_radius__hover=\u00bb0px\u00bb button_one_border_radius__hover_enabled=\u00bboff\u00bb button_two_border_radius__hover_enabled=\u00bboff\u00bb button_letter_spacing__hover_enabled=\u00bbon|desktop\u00bb button_letter_spacing__hover=\u00bb4px\u00bb button_one_letter_spacing__hover_enabled=\u00bboff\u00bb button_two_letter_spacing__hover_enabled=\u00bboff\u00bb button_bg_color__hover_enabled=\u00bbon|desktop\u00bb button_bg_color__hover=\u00bb#f71735&#8243; button_one_bg_color__hover_enabled=\u00bboff\u00bb button_two_bg_color__hover_enabled=\u00bboff\u00bb button_bg_enable_color__hover=\u00bbon\u00bb][\/et_pb_button][et_pb_image src=\u00bbhttps:\/\/www.marinesurveyorspain.com\/wp-content\/uploads\/2024\/12\/about-1.png\u00bb alt=\u00bbPrestamos servicios tanto a nivel nacional como mundial\u00bb title_text=\u00bbPrestamos servicios tanto a nivel nacional como mundial\u00bb show_bottom_space=\u00bboff\u00bb align=\u00bbcenter\u00bb align_tablet=\u00bbcenter\u00bb align_phone=\u00bb\u00bb align_last_edited=\u00bbon|desktop\u00bb _builder_version=\u00bb4.16&#8243; custom_margin=\u00bb100px|||\u00bb animation_direction=\u00bbleft\u00bb global_colors_info=\u00bb{}\u00bb][\/et_pb_image][\/et_pb_column][\/et_pb_row][\/et_pb_section]<\/p>\n","protected":false},"excerpt":{"rendered":"<p>Nuestra reputaci\u00f3n se basa en nuestra experiencia, profesionalidad y calidad de nuestros servicios.Algunos de nuestros distinguidos clientes son:<div class=\"et_pb_module dica_divi_carousel dica_divi_carousel_0\">\n\t\t\t\t\n\t\t\t\t\n\t\t\t\t\n\t\t\t\t\n\t\t\t\t\n\t\t\t\t\n\t\t\t\t<div class=\"et_pb_module_inner\">\n\t\t\t\t\t<div class=\"dica-container  desktop_middle-inside tablet_middle-inside mobile_middle-inside\" data-props='{\"desktop\":\"4\",\"tablet\":\"3\",\"mobile\":\"1\",\"speed\":\"500\",\"arrow\":\"off\",\"dots\":\"on\",\"autoplay\":\"on\",\"autoSpeed\":\"1000\",\"loop\":\"on\",\"item_spacing\":\"30\",\"center_mode\":\"off\",\"slider_effec\":\"1\",\"cover_rotate\":\"50\",\"pause_onhover\":\"on\",\"multislide\":\"off\",\"cfshadow\":\"on\",\"order\":\"0\",\"lazyload\":\"off\",\"lazybefore\":\"off\",\"scroller_effect\":\"on\",\"autowidth\":\"off\",\"item_spacing_tablet\":\"30\",\"item_spacing_phone\":\"30\",\"scroller_speed\":\"4000\",\"hashNavigation\":\"off\",\"simulatetouch\":\"off\",\"allowtouchmove\":\"off\"}'>\r\n\t\t\t\t\t\t\t \t<div class=\"swiper-container\">\r\n\t\t\t\t\t\t\t\t\t<div class=\"swiper-wrapper\"><\/div>\t\r\n\t\t\t\t\t\t\t\t<\/div>\t\r\n\t\t\t\t\t\t\t\t\r\n\t\t\t\t\t\t\t\t<div class=\"swiper-pagination dica-paination-0\"><\/div>\t\t\t\t\t\t\r\n\t\t\t\t\t\t\t<\/div>\n\t\t\t\t<\/div>\n\t\t\t<\/div><div class=\"et_pb_module dica_divi_carouselitem dica_divi_carouselitem_0\">\n\t\t\t\t\n\t\t\t\t\n\t\t\t\t\n\t\t\t\t\n\t\t\t\t\n\t\t\t\t\n\t\t\t\t<div class=\"et_pb_module_inner\">\n\t\t\t\t\t<div class=\"dica-item image_top\"   data-hash=\"dica_divi_carouselitem_0\">\r\n\t\t\t\t\t\t\t\t\t\r\n\t\t\t\t\t\t\t\t\t<div class=\"dica-item-content\"><h4 class=\"item-title\">\u00bbArcelorMittal\u00bb<\/h4> <h6 class=\"item-subtitle\">\u00bbUno<\/h6>       <\/div>\r\n\t\t\t\t\t\t\t<\/div>\n\t\t\t\t<\/div>\n\t\t\t<\/div><\/p>\n","protected":false},"author":1,"featured_media":0,"parent":0,"menu_order":3,"comment_status":"closed","ping_status":"closed","template":"","meta":{"_et_pb_use_builder":"on","_et_pb_old_content":"","_et_gb_content_width":"","_monsterinsights_skip_tracking":false,"_monsterinsights_sitenote_active":false,"_monsterinsights_sitenote_note":"","_monsterinsights_sitenote_category":0,"footnotes":""},"class_list":["post-3503","page","type-page","status-publish","hentry"],"yoast_head":"<!-- This site is optimized with the Yoast SEO plugin v24.8.1 - https:\/\/yoast.com\/wordpress\/plugins\/seo\/ -->\n<title>Algunos de nuestros distinguidos clientes - Javmar ISPS<\/title>\n<meta name=\"description\" content=\"Nuestra reputaci\u00f3n se basa en nuestra experiencia, profesionalidad y calidad de nuestros servicios. Prestamos servicios tanto a nivel nacional como mundial.\" \/>\n<meta name=\"robots\" content=\"index, follow, max-snippet:-1, max-image-preview:large, max-video-preview:-1\" \/>\n<link rel=\"canonical\" href=\"https:\/\/www.marinesurveyorspain.com\/es\/algunos-clientes\/\" \/>\n<meta property=\"og:locale\" content=\"es_ES\" \/>\n<meta property=\"og:type\" content=\"article\" \/>\n<meta property=\"og:title\" content=\"Algunos de nuestros distinguidos clientes - Javmar ISPS\" \/>\n<meta property=\"og:description\" content=\"Nuestra reputaci\u00f3n se basa en nuestra experiencia, profesionalidad y calidad de nuestros servicios. Prestamos servicios tanto a nivel nacional como mundial.\" \/>\n<meta property=\"og:url\" content=\"https:\/\/www.marinesurveyorspain.com\/es\/algunos-clientes\/\" \/>\n<meta property=\"og:site_name\" content=\"Javmar ISPS\" \/>\n<meta property=\"article:modified_time\" content=\"2025-06-02T07:04:41+00:00\" \/>\n<meta name=\"twitter:card\" content=\"summary_large_image\" \/>\n<meta name=\"twitter:label1\" content=\"Tiempo de lectura\" \/>\n\t<meta name=\"twitter:data1\" content=\"3 minutos\" \/>\n<script type=\"application\/ld+json\" class=\"yoast-schema-graph\">{\"@context\":\"https:\/\/schema.org\",\"@graph\":[{\"@type\":\"WebPage\",\"@id\":\"https:\/\/www.marinesurveyorspain.com\/es\/algunos-clientes\/\",\"url\":\"https:\/\/www.marinesurveyorspain.com\/es\/algunos-clientes\/\",\"name\":\"Algunos de nuestros distinguidos clientes - Javmar ISPS\",\"isPartOf\":{\"@id\":\"https:\/\/www.marinesurveyorspain.com\/es\/#website\"},\"datePublished\":\"2024-12-09T07:42:24+00:00\",\"dateModified\":\"2025-06-02T07:04:41+00:00\",\"description\":\"Nuestra reputaci\u00f3n se basa en nuestra experiencia, profesionalidad y calidad de nuestros servicios. Prestamos servicios tanto a nivel nacional como mundial.\",\"breadcrumb\":{\"@id\":\"https:\/\/www.marinesurveyorspain.com\/es\/algunos-clientes\/#breadcrumb\"},\"inLanguage\":\"es\",\"potentialAction\":[{\"@type\":\"ReadAction\",\"target\":[\"https:\/\/www.marinesurveyorspain.com\/es\/algunos-clientes\/\"]}]},{\"@type\":\"BreadcrumbList\",\"@id\":\"https:\/\/www.marinesurveyorspain.com\/es\/algunos-clientes\/#breadcrumb\",\"itemListElement\":[{\"@type\":\"ListItem\",\"position\":1,\"name\":\"Portada\",\"item\":\"https:\/\/www.marinesurveyorspain.com\/es\/\"},{\"@type\":\"ListItem\",\"position\":2,\"name\":\"Algunos clientes\"}]},{\"@type\":\"WebSite\",\"@id\":\"https:\/\/www.marinesurveyorspain.com\/es\/#website\",\"url\":\"https:\/\/www.marinesurveyorspain.com\/es\/\",\"name\":\"Javmar ISPS\",\"description\":\"Inspections &amp; Sea Port Services\",\"potentialAction\":[{\"@type\":\"SearchAction\",\"target\":{\"@type\":\"EntryPoint\",\"urlTemplate\":\"https:\/\/www.marinesurveyorspain.com\/es\/?s={search_term_string}\"},\"query-input\":{\"@type\":\"PropertyValueSpecification\",\"valueRequired\":true,\"valueName\":\"search_term_string\"}}],\"inLanguage\":\"es\"}]}<\/script>\n<!-- \/ Yoast SEO plugin. -->","yoast_head_json":{"title":"Algunos de nuestros distinguidos clientes - Javmar ISPS","description":"Nuestra reputaci\u00f3n se basa en nuestra experiencia, profesionalidad y calidad de nuestros servicios. Prestamos servicios tanto a nivel nacional como mundial.","robots":{"index":"index","follow":"follow","max-snippet":"max-snippet:-1","max-image-preview":"max-image-preview:large","max-video-preview":"max-video-preview:-1"},"canonical":"https:\/\/www.marinesurveyorspain.com\/es\/algunos-clientes\/","og_locale":"es_ES","og_type":"article","og_title":"Algunos de nuestros distinguidos clientes - Javmar ISPS","og_description":"Nuestra reputaci\u00f3n se basa en nuestra experiencia, profesionalidad y calidad de nuestros servicios. Prestamos servicios tanto a nivel nacional como mundial.","og_url":"https:\/\/www.marinesurveyorspain.com\/es\/algunos-clientes\/","og_site_name":"Javmar ISPS","article_modified_time":"2025-06-02T07:04:41+00:00","twitter_card":"summary_large_image","twitter_misc":{"Tiempo de lectura":"3 minutos"},"schema":{"@context":"https:\/\/schema.org","@graph":[{"@type":"WebPage","@id":"https:\/\/www.marinesurveyorspain.com\/es\/algunos-clientes\/","url":"https:\/\/www.marinesurveyorspain.com\/es\/algunos-clientes\/","name":"Algunos de nuestros distinguidos clientes - Javmar ISPS","isPartOf":{"@id":"https:\/\/www.marinesurveyorspain.com\/es\/#website"},"datePublished":"2024-12-09T07:42:24+00:00","dateModified":"2025-06-02T07:04:41+00:00","description":"Nuestra reputaci\u00f3n se basa en nuestra experiencia, profesionalidad y calidad de nuestros servicios. Prestamos servicios tanto a nivel nacional como mundial.","breadcrumb":{"@id":"https:\/\/www.marinesurveyorspain.com\/es\/algunos-clientes\/#breadcrumb"},"inLanguage":"es","potentialAction":[{"@type":"ReadAction","target":["https:\/\/www.marinesurveyorspain.com\/es\/algunos-clientes\/"]}]},{"@type":"BreadcrumbList","@id":"https:\/\/www.marinesurveyorspain.com\/es\/algunos-clientes\/#breadcrumb","itemListElement":[{"@type":"ListItem","position":1,"name":"Portada","item":"https:\/\/www.marinesurveyorspain.com\/es\/"},{"@type":"ListItem","position":2,"name":"Algunos clientes"}]},{"@type":"WebSite","@id":"https:\/\/www.marinesurveyorspain.com\/es\/#website","url":"https:\/\/www.marinesurveyorspain.com\/es\/","name":"Javmar ISPS","description":"Inspections &amp; Sea Port Services","potentialAction":[{"@type":"SearchAction","target":{"@type":"EntryPoint","urlTemplate":"https:\/\/www.marinesurveyorspain.com\/es\/?s={search_term_string}"},"query-input":{"@type":"PropertyValueSpecification","valueRequired":true,"valueName":"search_term_string"}}],"inLanguage":"es"}]}},"_links":{"self":[{"href":"https:\/\/www.marinesurveyorspain.com\/es\/wp-json\/wp\/v2\/pages\/3503","targetHints":{"allow":["GET"]}}],"collection":[{"href":"https:\/\/www.marinesurveyorspain.com\/es\/wp-json\/wp\/v2\/pages"}],"about":[{"href":"https:\/\/www.marinesurveyorspain.com\/es\/wp-json\/wp\/v2\/types\/page"}],"author":[{"embeddable":true,"href":"https:\/\/www.marinesurveyorspain.com\/es\/wp-json\/wp\/v2\/users\/1"}],"replies":[{"embeddable":true,"href":"https:\/\/www.marinesurveyorspain.com\/es\/wp-json\/wp\/v2\/comments?post=3503"}],"version-history":[{"count":4,"href":"https:\/\/www.marinesurveyorspain.com\/es\/wp-json\/wp\/v2\/pages\/3503\/revisions"}],"predecessor-version":[{"id":3578,"href":"https:\/\/www.marinesurveyorspain.com\/es\/wp-json\/wp\/v2\/pages\/3503\/revisions\/3578"}],"wp:attachment":[{"href":"https:\/\/www.marinesurveyorspain.com\/es\/wp-json\/wp\/v2\/media?parent=3503"}],"curies":[{"name":"wp","href":"https:\/\/api.w.org\/{rel}","templated":true}]}}